{"id":578,"date":"2025-04-11T18:29:02","date_gmt":"2025-04-11T16:29:02","guid":{"rendered":"https:\/\/phare-richard.fr\/?page_id=578"},"modified":"2026-04-18T14:16:56","modified_gmt":"2026-04-18T12:16:56","slug":"le-conteneur-maritimes","status":"publish","type":"page","link":"https:\/\/phare-richard.fr\/index.php\/le-conteneur-maritimes\/","title":{"rendered":"Le conteneur \u00ab\u00a0Maritimes\u00a0\u00bb"},"content":{"rendered":"\n<p><em>Voyage dans les paysages d&rsquo;eaux de l&rsquo;estuaire de la Gironde<\/em>.<\/p>\n\n\n<div class=\"wp-block-image\">\n<figure class=\"aligncenter size-large is-resized\"><img loading=\"lazy\" decoding=\"async\" width=\"1024\" height=\"461\" src=\"https:\/\/phare-richard.fr\/wp-content\/uploads\/2025\/04\/20241030_173312-1024x461.jpg\" alt=\"\" class=\"wp-image-634\" style=\"width:597px;height:auto\" srcset=\"https:\/\/phare-richard.fr\/wp-content\/uploads\/2025\/04\/20241030_173312-1024x461.jpg 1024w, https:\/\/phare-richard.fr\/wp-content\/uploads\/2025\/04\/20241030_173312-300x135.jpg 300w, https:\/\/phare-richard.fr\/wp-content\/uploads\/2025\/04\/20241030_173312-768x346.jpg 768w, https:\/\/phare-richard.fr\/wp-content\/uploads\/2025\/04\/20241030_173312-1536x692.jpg 1536w, https:\/\/phare-richard.fr\/wp-content\/uploads\/2025\/04\/20241030_173312-2048x922.jpg 2048w, https:\/\/phare-richard.fr\/wp-content\/uploads\/2025\/04\/20241030_173312-1200x540.jpg 1200w\" sizes=\"auto, (max-width: 709px) 85vw, (max-width: 909px) 67vw, (max-width: 1362px) 62vw, 840px\" \/><figcaption class=\"wp-element-caption\">Un conteneur <strong>maritime<\/strong>, <strong>artistique<\/strong> qui se d\u00e9couvre par <strong>curiosit\u00e9<\/strong> en regardant \u00e0 travers les hublots.<\/figcaption><\/figure>\n<\/div>\n\n\n<div class=\"wp-block-media-text is-stacked-on-mobile\" style=\"grid-template-columns:38% auto\"><figure class=\"wp-block-media-text__media\"><img loading=\"lazy\" decoding=\"async\" width=\"724\" height=\"1024\" src=\"https:\/\/phare-richard.fr\/wp-content\/uploads\/2025\/03\/Affiche_Conteneur-Phare-de-Richard-724x1024.jpg\" alt=\"\" class=\"wp-image-579 size-full\" srcset=\"https:\/\/phare-richard.fr\/wp-content\/uploads\/2025\/03\/Affiche_Conteneur-Phare-de-Richard-724x1024.jpg 724w, https:\/\/phare-richard.fr\/wp-content\/uploads\/2025\/03\/Affiche_Conteneur-Phare-de-Richard-212x300.jpg 212w, https:\/\/phare-richard.fr\/wp-content\/uploads\/2025\/03\/Affiche_Conteneur-Phare-de-Richard-768x1086.jpg 768w, https:\/\/phare-richard.fr\/wp-content\/uploads\/2025\/03\/Affiche_Conteneur-Phare-de-Richard-1086x1536.jpg 1086w, https:\/\/phare-richard.fr\/wp-content\/uploads\/2025\/03\/Affiche_Conteneur-Phare-de-Richard-1448x2048.jpg 1448w, https:\/\/phare-richard.fr\/wp-content\/uploads\/2025\/03\/Affiche_Conteneur-Phare-de-Richard-1200x1697.jpg 1200w, https:\/\/phare-richard.fr\/wp-content\/uploads\/2025\/03\/Affiche_Conteneur-Phare-de-Richard.jpg 1755w\" sizes=\"auto, (max-width: 724px) 85vw, 724px\" \/><\/figure><div class=\"wp-block-media-text__content\">\n<p class=\"has-text-align-center\"><strong>In\u00e9dit sur le site du Phare de Richard : <br>\u00ab\u00a0<a href=\"https:\/\/histoiresmaritimes.art\/\" target=\"_blank\" rel=\"noreferrer noopener\">Histoires maritimes<\/a>\u00ab\u00a0<\/strong><\/p>\n\n\n\n<p class=\"has-text-align-center\"><em>Un conteneur qui voyage<\/em> <em>d&rsquo;une rive \u00e0 l&rsquo;autre de l&rsquo;estuaire en s&rsquo;enrichissant <\/em><br><em>des paysages <\/em><em>qu&rsquo;il traverse.<\/em><\/p>\n<\/div><\/div>\n\n\n\n<h2 class=\"wp-block-heading has-text-align-center\">Venez d\u00e9couvrir ce spectacle unique<br>au Phare de Richard<\/h2>\n\n\n\n<p class=\"has-text-align-center\"><strong>Deux soir\u00e9es sp\u00e9ciales<\/strong> pour une d\u00e9couverte inoubliable : <br>&#8211; l<strong>e samedi 8 mars 2025 :<\/strong> \u00e0 partir de 14h : Installation vid\u00e9o et litt\u00e9raire dans le conteneur artistique \/ <br>19h45 : Projection du film sur le phare.<br><strong>&#8211; le vendredi 2 mai 2025<\/strong> : \u00e0 partir de 17h : Installation vid\u00e9o et litt\u00e9raire dans le conteneur artistique \/ <br>22h : Projection du film sur le phare.<\/p>\n\n\n\n<div class=\"wp-block-media-text has-media-on-the-right is-stacked-on-mobile is-vertically-aligned-center\" style=\"grid-template-columns:auto 43%\"><div class=\"wp-block-media-text__content\">\n<p class=\"has-text-align-center\">Les 2 enchanteurs du conteneur : <br><strong>Olivier Crouzel et Sophie Poirier<\/strong><\/p>\n<\/div><figure class=\"wp-block-media-text__media\"><img loading=\"lazy\" decoding=\"async\" width=\"636\" height=\"1024\" src=\"https:\/\/phare-richard.fr\/wp-content\/uploads\/2025\/03\/les_artistes_2-636x1024.jpg\" alt=\"\" class=\"wp-image-581 size-full\" srcset=\"https:\/\/phare-richard.fr\/wp-content\/uploads\/2025\/03\/les_artistes_2-636x1024.jpg 636w, https:\/\/phare-richard.fr\/wp-content\/uploads\/2025\/03\/les_artistes_2-186x300.jpg 186w, https:\/\/phare-richard.fr\/wp-content\/uploads\/2025\/03\/les_artistes_2-768x1237.jpg 768w, https:\/\/phare-richard.fr\/wp-content\/uploads\/2025\/03\/les_artistes_2.jpg 908w\" sizes=\"auto, (max-width: 636px) 85vw, 636px\" \/><\/figure><\/div>\n\n\n\n<p><\/p>\n\n\n<div class=\"wp-block-image\">\n<figure class=\"aligncenter size-large\"><img loading=\"lazy\" decoding=\"async\" width=\"594\" height=\"1024\" src=\"https:\/\/phare-richard.fr\/wp-content\/uploads\/2025\/05\/2025_04_28_JDM_Article_Conteneur-594x1024.jpg\" alt=\"\" class=\"wp-image-745\" srcset=\"https:\/\/phare-richard.fr\/wp-content\/uploads\/2025\/05\/2025_04_28_JDM_Article_Conteneur-594x1024.jpg 594w, https:\/\/phare-richard.fr\/wp-content\/uploads\/2025\/05\/2025_04_28_JDM_Article_Conteneur-174x300.jpg 174w, https:\/\/phare-richard.fr\/wp-content\/uploads\/2025\/05\/2025_04_28_JDM_Article_Conteneur-768x1325.jpg 768w, https:\/\/phare-richard.fr\/wp-content\/uploads\/2025\/05\/2025_04_28_JDM_Article_Conteneur-891x1536.jpg 891w, https:\/\/phare-richard.fr\/wp-content\/uploads\/2025\/05\/2025_04_28_JDM_Article_Conteneur-1187x2048.jpg 1187w, https:\/\/phare-richard.fr\/wp-content\/uploads\/2025\/05\/2025_04_28_JDM_Article_Conteneur-1200x2070.jpg 1200w, https:\/\/phare-richard.fr\/wp-content\/uploads\/2025\/05\/2025_04_28_JDM_Article_Conteneur.jpg 1283w\" sizes=\"auto, (max-width: 594px) 85vw, 594px\" \/><figcaption class=\"wp-element-caption\">Article de D. Rouyer dans l&rsquo;\u00e9dition num\u00e9rique du Journal du M\u00e9doc du 28 avril 2025.<\/figcaption><\/figure>\n<\/div>\n\n<div class=\"wp-block-image\">\n<figure class=\"aligncenter size-large is-resized\"><img loading=\"lazy\" decoding=\"async\" width=\"977\" height=\"1024\" src=\"https:\/\/phare-richard.fr\/wp-content\/uploads\/2025\/05\/20250502_2226301-977x1024.jpg\" alt=\"\" class=\"wp-image-749\" style=\"width:477px;height:auto\" srcset=\"https:\/\/phare-richard.fr\/wp-content\/uploads\/2025\/05\/20250502_2226301-977x1024.jpg 977w, https:\/\/phare-richard.fr\/wp-content\/uploads\/2025\/05\/20250502_2226301-286x300.jpg 286w, https:\/\/phare-richard.fr\/wp-content\/uploads\/2025\/05\/20250502_2226301-768x805.jpg 768w, https:\/\/phare-richard.fr\/wp-content\/uploads\/2025\/05\/20250502_2226301-1465x1536.jpg 1465w, https:\/\/phare-richard.fr\/wp-content\/uploads\/2025\/05\/20250502_2226301-1200x1258.jpg 1200w, https:\/\/phare-richard.fr\/wp-content\/uploads\/2025\/05\/20250502_2226301.jpg 1816w\" sizes=\"auto, (max-width: 709px) 85vw, (max-width: 909px) 67vw, (max-width: 1362px) 62vw, 840px\" \/><figcaption class=\"wp-element-caption\">Projection de la vid\u00e9o \u00ab\u00a0Maritimes\u00a0\u00bb sur le Phare de Richard (photo : BL)<\/figcaption><\/figure>\n<\/div>","protected":false},"excerpt":{"rendered":"<p>Voyage dans les paysages d&rsquo;eaux de l&rsquo;estuaire de la Gironde. In\u00e9dit sur le site du Phare de Richard : \u00ab\u00a0Histoires maritimes\u00ab\u00a0 Un conteneur qui voyage d&rsquo;une rive \u00e0 l&rsquo;autre de l&rsquo;estuaire en s&rsquo;enrichissant des paysages qu&rsquo;il traverse. Venez d\u00e9couvrir ce spectacle uniqueau Phare de Richard Deux soir\u00e9es sp\u00e9ciales pour une d\u00e9couverte inoubliable : &#8211; le &hellip; <a href=\"https:\/\/phare-richard.fr\/index.php\/le-conteneur-maritimes\/\" class=\"more-link\">Continuer la lecture<span class=\"screen-reader-text\"> de &laquo;&nbsp;Le conteneur \u00ab\u00a0Maritimes\u00a0\u00bb&nbsp;&raquo;<\/span><\/a><\/p>\n","protected":false},"author":4,"featured_media":0,"parent":0,"menu_order":0,"comment_status":"closed","ping_status":"closed","template":"","meta":{"footnotes":"[]"},"class_list":["post-578","page","type-page","status-publish","hentry"],"_links":{"self":[{"href":"https:\/\/phare-richard.fr\/index.php\/wp-json\/wp\/v2\/pages\/578","targetHints":{"allow":["GET"]}}],"collection":[{"href":"https:\/\/phare-richard.fr\/index.php\/wp-json\/wp\/v2\/pages"}],"about":[{"href":"https:\/\/phare-richard.fr\/index.php\/wp-json\/wp\/v2\/types\/page"}],"author":[{"embeddable":true,"href":"https:\/\/phare-richard.fr\/index.php\/wp-json\/wp\/v2\/users\/4"}],"replies":[{"embeddable":true,"href":"https:\/\/phare-richard.fr\/index.php\/wp-json\/wp\/v2\/comments?post=578"}],"version-history":[{"count":19,"href":"https:\/\/phare-richard.fr\/index.php\/wp-json\/wp\/v2\/pages\/578\/revisions"}],"predecessor-version":[{"id":814,"href":"https:\/\/phare-richard.fr\/index.php\/wp-json\/wp\/v2\/pages\/578\/revisions\/814"}],"wp:attachment":[{"href":"https:\/\/phare-richard.fr\/index.php\/wp-json\/wp\/v2\/media?parent=578"}],"curies":[{"name":"wp","href":"https:\/\/api.w.org\/{rel}","templated":true}]}}