{"id":33,"date":"2024-03-26T14:56:43","date_gmt":"2024-03-26T13:56:43","guid":{"rendered":"https:\/\/phare-richard.fr\/?page_id=33"},"modified":"2025-04-11T16:22:25","modified_gmt":"2025-04-11T14:22:25","slug":"partenaires","status":"publish","type":"page","link":"https:\/\/phare-richard.fr\/index.php\/partenaires\/","title":{"rendered":"Partenaires &#038; Labels"},"content":{"rendered":"\n<ul class=\"wp-block-list\">\n<li>Commune de <a href=\"https:\/\/www.jau-dignac-loirac.com\/\" target=\"_blank\" rel=\"noreferrer noopener\">Jau-Dignac et Loirac<\/a>,<\/li>\n\n\n\n<li>D\u00e9partement de la Gironde (<a href=\"https:\/\/www.gironde-tourisme.com\/\" data-type=\"link\" data-id=\"https:\/\/www.gironde-tourisme.com\/\" target=\"_blank\" rel=\"noreferrer noopener\">Gironde Tourisme<\/a>),<\/li>\n\n\n\n<li>La communaut\u00e9 des communes M\u00e9doc Atlantique (<a href=\"https:\/\/www.ccmedocatlantique.fr\/\" data-type=\"link\" data-id=\"https:\/\/www.ccmedocatlantique.fr\/\" target=\"_blank\" rel=\"noreferrer noopener\">CDC M\u00e9doc Atlantique<\/a>),<\/li>\n\n\n\n<li>Office de tourisme de la communaut\u00e9 des communes M\u00e9doc Atlantique (<a href=\"https:\/\/www.medoc-atlantique.com\/\" data-type=\"link\" data-id=\"https:\/\/www.medoc-atlantique.com\/\" target=\"_blank\" rel=\"noreferrer noopener\">M\u00e9doc Atlantique Tourisme<\/a>),<\/li>\n\n\n\n<li>Parc naturel r\u00e9gional du M\u00e9doc (<a href=\"https:\/\/www.pnr-medoc.fr\/\" data-type=\"link\" data-id=\"https:\/\/www.pnr-medoc.fr\/\" target=\"_blank\" rel=\"noreferrer noopener\">Pnr M\u00e9doc<\/a>),<\/li>\n\n\n\n<li><a href=\"https:\/\/sites.google.com\/site\/patrimoinedumedoc\" target=\"_blank\" rel=\"noreferrer noopener\">Patrimoine du M\u00e9doc<\/a>.<\/li>\n<\/ul>\n\n\n\n<h5 class=\"wp-block-heading\">Viticulteurs<\/h5>\n\n\n\n<ul class=\"wp-block-list\">\n<li>Ch\u00e2teau HAUT-GRAVAT, Jau-Dignac et Loirac,05 56 09 41 20 (<a href=\"https:\/\/www.chateau-haut-gravat.fr\/\" data-type=\"link\" data-id=\"https:\/\/www.chateau-haut-gravat.fr\/\" target=\"_blank\" rel=\"noreferrer noopener\">site internet<\/a>)<\/li>\n\n\n\n<li>Ch\u00e2teau LA HOURCADE , Jau-Dignac et Loirac, 05 56 09 53 61 (<a href=\"https:\/\/app.wineriz.com\/chateau-la-hourcade?noChatBot=true\" data-type=\"link\" data-id=\"https:\/\/app.wineriz.com\/chateau-la-hourcade?noChatBot=true\" target=\"_blank\" rel=\"noreferrer noopener\">site internet<\/a>)<\/li>\n\n\n\n<li>Ch\u00e2teau LA PIROUETTE, Jau-Dignac et Loirac, 06 11 98 42 18 (<a href=\"http:\/\/www.chateau-la-pirouette.com\/accueil\/\" target=\"_blank\" rel=\"noreferrer noopener\">site internet<\/a>)<\/li>\n\n\n\n<li>Ch\u00e2teau NOAILLAC, Jau-Dignac et Loirac, 05 56 09 52 20 (<a href=\"https:\/\/www.noaillac.com\/\" target=\"_blank\" rel=\"noreferrer noopener\">site internet<\/a>)<\/li>\n\n\n\n<li>Ch\u00e2teau SAINT-AUBIN, Jau-Dignac et Loirac, 05 56 73 98 08 (<a href=\"https:\/\/www.chateausaintaubin.fr\/\" data-type=\"link\" data-id=\"https:\/\/www.chateausaintaubin.fr\/\" target=\"_blank\" rel=\"noreferrer noopener\">site internet<\/a>)<\/li>\n\n\n\n<li>Les Vignerons d&rsquo;UNI-M\u00c9DOC, Gaillan-en-M\u00e9doc, 05 56 41 03 12 (<a href=\"https:\/\/unimedoc.com\/\" data-type=\"link\" data-id=\"https:\/\/unimedoc.com\/\" target=\"_blank\" rel=\"noreferrer noopener\">site internet<\/a>)<\/li>\n<\/ul>\n\n\n\n<h5 class=\"wp-block-heading\">Artisan du b\u00e2timent<\/h5>\n\n\n\n<ul class=\"wp-block-list\">\n<li>Bahougne Bruno et Ludovic, Peinture, Vendays-Montalivet, 06 08 06 94 73 ou 06 84 78 90 50<\/li>\n<\/ul>\n\n\n\n<h5 class=\"wp-block-heading\">Centre \u00e9questre<\/h5>\n\n\n\n<ul class=\"wp-block-list\">\n<li>Haras de la Mellerie, Jau-Dignac et Loirac, 05 56 41 37 90 (<a href=\"https:\/\/www.harasdelamellerie.fr\/\" data-type=\"link\" data-id=\"https:\/\/www.harasdelamellerie.fr\/\" target=\"_blank\" rel=\"noreferrer noopener\">site internet<\/a>)<\/li>\n<\/ul>\n\n\n\n<h5 class=\"wp-block-heading\">Conciergerie et services<\/h5>\n\n\n\n<ul class=\"wp-block-list\">\n<li>M\u00e9doc&rsquo;in Conciergerie, 06 26 03 71 24 (<a href=\"https:\/\/www.medoc-in-conciergerie.com\/\" target=\"_blank\" rel=\"noreferrer noopener\">site internet<\/a>)<\/li>\n<\/ul>\n\n\n\n<h5 class=\"wp-block-heading\">G\u00eetes et chambres d&rsquo;h\u00f4tes<\/h5>\n\n\n\n<ul class=\"wp-block-list\">\n<li>Au jardin des Libellules, Soulac-sur-Mer, 05 56 41 10 91 (<a href=\"https:\/\/aujardindeslibellules.fr\/\" data-type=\"link\" data-id=\"https:\/\/aujardindeslibellules.fr\/\" target=\"_blank\" rel=\"noreferrer noopener\">site internet<\/a>)<\/li>\n\n\n\n<li>Domaine des Pr\u00e8s de Joussac, Jau-Dignac et Loirac, 05 47 83 02 34 (<a href=\"https:\/\/www.lespresdejoussac.com\/\" data-type=\"link\" data-id=\"https:\/\/www.lespresdejoussac.com\/\" target=\"_blank\" rel=\"noreferrer noopener\">site internet<\/a>)<\/li>\n\n\n\n<li>La Mancine Laulan &#8211; G\u00eete, Jau-Dignac et Loirac, 06 60 07 73 41 (<a href=\"https:\/\/lamancinelaulan.com\/fr\" data-type=\"link\" data-id=\"https:\/\/lamancinelaulan.com\/fr\" target=\"_blank\" rel=\"noreferrer noopener\">site internet<\/a>)<\/li>\n\n\n\n<li>Le Pal\u00e9na, Queyrac, 05 56 59 81 26 (<a href=\"https:\/\/www.chambres-hotes.fr\/chambres-hotes_chambres-d-hotes-le-palena_queyrac_39749.htm\" data-type=\"link\" data-id=\"https:\/\/www.chambres-hotes.fr\/chambres-hotes_chambres-d-hotes-le-palena_queyrac_39749.htm\" target=\"_blank\" rel=\"noreferrer noopener\">site internet<\/a>)<\/li>\n<\/ul>\n\n\n\n<h5 class=\"wp-block-heading\">P\u00eacherie<\/h5>\n\n\n\n<ul class=\"wp-block-list\">\n<li>P\u00eacherie du Port de Richard, Jau-Dignac et Loirac, 06 26 57 56 77<\/li>\n<\/ul>\n\n\n\n<h5 class=\"wp-block-heading\">Tourisme<\/h5>\n\n\n\n<ul class=\"wp-block-list\">\n<li>M\u00e9doc en Mer, Queyrac, 06 43 62 01 11 (<a href=\"https:\/\/medoc-en-mer.fr\/\" target=\"_blank\" rel=\"noreferrer noopener\">site internet<\/a>)<\/li>\n\n\n\n<li>Soci\u00e9t\u00e9 Ruby (\u0153notourisme), Saint-Christoly de M\u00e9doc, 06 80 84 03 03<\/li>\n<\/ul>\n\n\n\n<h5 class=\"wp-block-heading\">Travaux publics<\/h5>\n\n\n\n<ul class=\"wp-block-list\">\n<li>Buran P\u00e8re et Fils, Jau-Dignac et Loirac, 05 56 41 55 18<\/li>\n<\/ul>\n\n\n\n<h1 class=\"wp-block-heading\">Label et distinction<\/h1>\n\n\n\n<ul class=\"wp-block-list\">\n<li>Fleuron d&rsquo;or du Patrimoine en 1999<\/li>\n\n\n\n<li>Vignobles et D\u00e9couvertes (<a href=\"https:\/\/www.atout-france.fr\/fr\" data-type=\"link\" data-id=\"https:\/\/www.gironde-tourisme.com\/espace-pro\/oenotourisme\/le-label-vignobles-decouvertes\/\" target=\"_blank\" rel=\"noreferrer noopener\">site internet<\/a>)<\/li>\n<\/ul>\n","protected":false},"excerpt":{"rendered":"<p>Viticulteurs Artisan du b\u00e2timent Centre \u00e9questre Conciergerie et services G\u00eetes et chambres d&rsquo;h\u00f4tes P\u00eacherie Tourisme Travaux publics Label et distinction<\/p>\n","protected":false},"author":4,"featured_media":0,"parent":0,"menu_order":0,"comment_status":"closed","ping_status":"closed","template":"","meta":{"footnotes":""},"class_list":["post-33","page","type-page","status-publish","hentry"],"_links":{"self":[{"href":"https:\/\/phare-richard.fr\/index.php\/wp-json\/wp\/v2\/pages\/33","targetHints":{"allow":["GET"]}}],"collection":[{"href":"https:\/\/phare-richard.fr\/index.php\/wp-json\/wp\/v2\/pages"}],"about":[{"href":"https:\/\/phare-richard.fr\/index.php\/wp-json\/wp\/v2\/types\/page"}],"author":[{"embeddable":true,"href":"https:\/\/phare-richard.fr\/index.php\/wp-json\/wp\/v2\/users\/4"}],"replies":[{"embeddable":true,"href":"https:\/\/phare-richard.fr\/index.php\/wp-json\/wp\/v2\/comments?post=33"}],"version-history":[{"count":24,"href":"https:\/\/phare-richard.fr\/index.php\/wp-json\/wp\/v2\/pages\/33\/revisions"}],"predecessor-version":[{"id":607,"href":"https:\/\/phare-richard.fr\/index.php\/wp-json\/wp\/v2\/pages\/33\/revisions\/607"}],"wp:attachment":[{"href":"https:\/\/phare-richard.fr\/index.php\/wp-json\/wp\/v2\/media?parent=33"}],"curies":[{"name":"wp","href":"https:\/\/api.w.org\/{rel}","templated":true}]}}