{"id":297,"date":"2024-04-02T17:50:29","date_gmt":"2024-04-02T15:50:29","guid":{"rendered":"https:\/\/phare-richard.fr\/?page_id=297"},"modified":"2025-04-12T16:23:26","modified_gmt":"2025-04-12T14:23:26","slug":"les-benevoles","status":"publish","type":"page","link":"https:\/\/phare-richard.fr\/index.php\/les-benevoles\/","title":{"rendered":"Le b\u00e9n\u00e9volat"},"content":{"rendered":"\n<p>Vous aimez bricoler, peindre, jardiner ?<\/p>\n\n\n\n<p>Vous souhaitez mettre votre temps et vos comp\u00e9tences au service d&rsquo;un site remarquable du patrimoine m\u00e9docain?<\/p>\n\n\n\n<p>N&rsquo;h\u00e9sitez pas \u00e0 prendre contact avec nous!<\/p>\n\n\n<div class=\"wp-block-image\">\n<figure class=\"aligncenter size-full is-resized\"><img loading=\"lazy\" decoding=\"async\" width=\"208\" height=\"300\" src=\"https:\/\/phare-richard.fr\/wp-content\/uploads\/2024\/04\/wanted_benevolat-1.jpg\" alt=\"\" class=\"wp-image-379\" style=\"width:270px;height:auto\"\/><\/figure>\n<\/div>","protected":false},"excerpt":{"rendered":"<p>Vous aimez bricoler, peindre, jardiner ? Vous souhaitez mettre votre temps et vos comp\u00e9tences au service d&rsquo;un site remarquable du patrimoine m\u00e9docain? N&rsquo;h\u00e9sitez pas \u00e0 prendre contact avec nous!<\/p>\n","protected":false},"author":4,"featured_media":0,"parent":0,"menu_order":0,"comment_status":"closed","ping_status":"closed","template":"","meta":{"footnotes":""},"class_list":["post-297","page","type-page","status-publish","hentry"],"_links":{"self":[{"href":"https:\/\/phare-richard.fr\/index.php\/wp-json\/wp\/v2\/pages\/297","targetHints":{"allow":["GET"]}}],"collection":[{"href":"https:\/\/phare-richard.fr\/index.php\/wp-json\/wp\/v2\/pages"}],"about":[{"href":"https:\/\/phare-richard.fr\/index.php\/wp-json\/wp\/v2\/types\/page"}],"author":[{"embeddable":true,"href":"https:\/\/phare-richard.fr\/index.php\/wp-json\/wp\/v2\/users\/4"}],"replies":[{"embeddable":true,"href":"https:\/\/phare-richard.fr\/index.php\/wp-json\/wp\/v2\/comments?post=297"}],"version-history":[{"count":7,"href":"https:\/\/phare-richard.fr\/index.php\/wp-json\/wp\/v2\/pages\/297\/revisions"}],"predecessor-version":[{"id":655,"href":"https:\/\/phare-richard.fr\/index.php\/wp-json\/wp\/v2\/pages\/297\/revisions\/655"}],"wp:attachment":[{"href":"https:\/\/phare-richard.fr\/index.php\/wp-json\/wp\/v2\/media?parent=297"}],"curies":[{"name":"wp","href":"https:\/\/api.w.org\/{rel}","templated":true}]}}