{"id":281,"date":"2024-04-02T11:11:04","date_gmt":"2024-04-02T09:11:04","guid":{"rendered":"https:\/\/phare-richard.fr\/?page_id=281"},"modified":"2024-06-15T16:05:44","modified_gmt":"2024-06-15T14:05:44","slug":"richard-dun-arbre-a-un-phare","status":"publish","type":"page","link":"https:\/\/phare-richard.fr\/index.php\/richard-dun-arbre-a-un-phare\/","title":{"rendered":"Richard : d&rsquo;un arbre \u00e0 un phare"},"content":{"rendered":"\n<p>Depuis l\u2019Antiquit\u00e9, l\u2019estuaire de la Gironde est une zone de navigation et de commerce tr\u00e8s importante. Pour faciliter la communication entre l\u2019oc\u00e9an atlantique et Bordeaux, le chemin fluvial \u00e9tait signal\u00e9 par des feux c\u00f4tiers.<\/p>\n\n\n\n<p>Au XVIII<sup>e<\/sup> si\u00e8cle, en plus des feux, un arbre \u00e9tait utilis\u00e9 comme amer<sup data-fn=\"6f1849a5-b09f-4599-bc85-531686c0f471\" class=\"fn\"><a href=\"#6f1849a5-b09f-4599-bc85-531686c0f471\" id=\"6f1849a5-b09f-4599-bc85-531686c0f471-link\">1<\/a><\/sup> par les navigateurs. Situ\u00e9 sur une pointe avanc\u00e9e \u00e0 l\u2019est de la commune de Jau, cet arbre, appelait l&rsquo;<strong>Arbre de Richard<\/strong>, permettait aux marins de se rep\u00e9rer et de ne pas s\u2019\u00e9chouer sur un immense banc de sable \u00e0 proximit\u00e9.<\/p>\n\n\n\n<p>Cependant au XIX<sup>e<\/sup> si\u00e8cle, le nombre croissant de navires n\u00e9cessita une signalisation plus adapt\u00e9e surtout que l\u2019arbre, entre temps, avait \u00e9t\u00e9 abattu lors d&rsquo;une temp\u00eate.<br>C\u2019est ainsi que d\u00e8s 1831, une bou\u00e9e \u00e9t\u00e9 install\u00e9e pour signaler le banc de Richard. Insuffisante, une p\u00e9tition fut sign\u00e9e par les ports des deux rives de l\u2019estuaire en vue d\u2019obtenir un balisage plus s\u00e9rieux.<\/p>\n\n\n\n<p>Cette p\u00e9tition aboutit en 1843 \u00e0 la construction de la maison-phare que nous connaissons encore aujourd\u2019hui : <strong>l\u2019histoire du phare de Richard d\u00e9butait!<\/strong><\/p>\n\n\n\n<p><\/p>\n\n\n\n<figure class=\"wp-block-table is-style-stripes\"><table><tbody><tr><td class=\"has-text-align-center\" data-align=\"center\"><strong>UN D\u00c9NOMM\u00c9 RICHARD ?<\/strong><br><br>Parmi de nombreuses hypoth\u00e8ses concernant l\u2019origine de l&rsquo;appellation <strong>Richard<\/strong>, <br>la plus probable nous vient du XVIII<sup>e <\/sup>si\u00e8cle.<br>En 1727, Fran\u00e7ois Le Masson du Parc (Inspecteur g\u00e9n\u00e9ral des P\u00eaches sous le r\u00e8gne de Louis XV) eut pour mission de visiter les Amiraut\u00e9s de Bayonne et de Bordeaux. Ces visites sur le terrain avaient pour objectif de v\u00e9rifier si les ordonnances royales sur la p\u00eache \u00e9taient bien appliqu\u00e9es <br>et de savoir qui p\u00eachait, quoi et comment ?<br>C&rsquo;est ainsi qu&rsquo;\u00e0 la lecture des proc\u00e8s-verbaux, nous apprenons que sur la paroisse de Jau, il y avait un p\u00eacheur \u00e0 gord<sup data-fn=\"7923d6bb-ce54-4d22-ab92-fedef1ca772f\" class=\"fn\"><a href=\"#7923d6bb-ce54-4d22-ab92-fedef1ca772f\" id=\"7923d6bb-ce54-4d22-ab92-fedef1ca772f-link\">2<\/a><\/sup>* qui se nommait <strong>Pierre RICHARD<\/strong> (surnomm\u00e9 <em>Montchie<\/em>).<br>Au niveau d&rsquo;un de ses gords avait pouss\u00e9 un arbre (un peuplier ou un orme) dont la taille se d\u00e9tachait nettement de la v\u00e9g\u00e9tation environnante : cet arbre, baptis\u00e9 l&rsquo;<strong>Arbre de Richard<\/strong> par les marins, leur servait de rep\u00e8re.<\/td><\/tr><\/tbody><\/table><\/figure>\n\n\n\n<h2 class=\"wp-block-heading\"><\/h2>\n\n\n<ol class=\"wp-block-footnotes\"><li id=\"6f1849a5-b09f-4599-bc85-531686c0f471\"><em><sub>Un amer est un point de rep\u00e8re fixe et identifiable sans ambigu\u00eft\u00e9 utilis\u00e9 pour la navigation maritime<\/sub><\/em><sub>.<\/sub>  <a href=\"#6f1849a5-b09f-4599-bc85-531686c0f471-link\" aria-label=\"Aller \u00e0 la note de bas de page 1\">\u21a9\ufe0e<\/a><\/li><li id=\"7923d6bb-ce54-4d22-ab92-fedef1ca772f\"><sub>un gord (ou gorre) est un type de p\u00eache compos\u00e9 par deux palissades convergentes d&rsquo;un c\u00f4t\u00e9 et formant un angle. La pointe de cet angle est ferm\u00e9e par un panier dans lequel les poissons se prennent. De nos jours, cette p\u00eache est interdite.<\/sub> <a href=\"#7923d6bb-ce54-4d22-ab92-fedef1ca772f-link\" aria-label=\"Aller \u00e0 la note de bas de page 2\">\u21a9\ufe0e<\/a><\/li><\/ol>","protected":false},"excerpt":{"rendered":"<p>Depuis l\u2019Antiquit\u00e9, l\u2019estuaire de la Gironde est une zone de navigation et de commerce tr\u00e8s importante. Pour faciliter la communication entre l\u2019oc\u00e9an atlantique et Bordeaux, le chemin fluvial \u00e9tait signal\u00e9 par des feux c\u00f4tiers. Au XVIIIe si\u00e8cle, en plus des feux, un arbre \u00e9tait utilis\u00e9 comme amer par les navigateurs. Situ\u00e9 sur une pointe avanc\u00e9e &hellip; <a href=\"https:\/\/phare-richard.fr\/index.php\/richard-dun-arbre-a-un-phare\/\" class=\"more-link\">Continuer la lecture<span class=\"screen-reader-text\"> de &laquo;&nbsp;Richard : d&rsquo;un arbre \u00e0 un phare&nbsp;&raquo;<\/span><\/a><\/p>\n","protected":false},"author":4,"featured_media":0,"parent":0,"menu_order":0,"comment_status":"closed","ping_status":"closed","template":"","meta":{"footnotes":"[{\"content\":\"<em><sub>Un amer est un point de rep\u00e8re fixe et identifiable sans ambigu\u00eft\u00e9 utilis\u00e9 pour la navigation maritime<\/sub><\/em><sub>.<\/sub> \",\"id\":\"6f1849a5-b09f-4599-bc85-531686c0f471\"},{\"content\":\"<sub>un gord (ou gorre) est un type de p\u00eache compos\u00e9 par deux palissades convergentes d'un c\u00f4t\u00e9 et formant un angle. La pointe de cet angle est ferm\u00e9e par un panier dans lequel les poissons se prennent. De nos jours, cette p\u00eache est interdite.<\/sub>\",\"id\":\"7923d6bb-ce54-4d22-ab92-fedef1ca772f\"}]"},"class_list":["post-281","page","type-page","status-publish","hentry"],"_links":{"self":[{"href":"https:\/\/phare-richard.fr\/index.php\/wp-json\/wp\/v2\/pages\/281","targetHints":{"allow":["GET"]}}],"collection":[{"href":"https:\/\/phare-richard.fr\/index.php\/wp-json\/wp\/v2\/pages"}],"about":[{"href":"https:\/\/phare-richard.fr\/index.php\/wp-json\/wp\/v2\/types\/page"}],"author":[{"embeddable":true,"href":"https:\/\/phare-richard.fr\/index.php\/wp-json\/wp\/v2\/users\/4"}],"replies":[{"embeddable":true,"href":"https:\/\/phare-richard.fr\/index.php\/wp-json\/wp\/v2\/comments?post=281"}],"version-history":[{"count":20,"href":"https:\/\/phare-richard.fr\/index.php\/wp-json\/wp\/v2\/pages\/281\/revisions"}],"predecessor-version":[{"id":543,"href":"https:\/\/phare-richard.fr\/index.php\/wp-json\/wp\/v2\/pages\/281\/revisions\/543"}],"wp:attachment":[{"href":"https:\/\/phare-richard.fr\/index.php\/wp-json\/wp\/v2\/media?parent=281"}],"curies":[{"name":"wp","href":"https:\/\/api.w.org\/{rel}","templated":true}]}}