{"id":22,"date":"2024-03-26T14:54:31","date_gmt":"2024-03-26T13:54:31","guid":{"rendered":"https:\/\/phare-richard.fr\/?page_id=22"},"modified":"2025-04-11T15:39:15","modified_gmt":"2025-04-11T13:39:15","slug":"le-phare","status":"publish","type":"page","link":"https:\/\/phare-richard.fr\/index.php\/le-phare\/","title":{"rendered":"Le phare de Richard"},"content":{"rendered":"\n<p class=\"has-text-align-center\"><em>Le site du Phare de Richard est un lieu unique dans le paysage m\u00e9docain. Issu du domaine maritime, il fait partie int\u00e9grante du patrimoine de la r\u00e9gion.<\/em> <\/p>\n\n\n<div class=\"wp-block-image\">\n<figure class=\"aligncenter size-large\"><img loading=\"lazy\" decoding=\"async\" width=\"1024\" height=\"791\" src=\"https:\/\/phare-richard.fr\/wp-content\/uploads\/2024\/06\/DJI_0144-2-1024x791.jpg\" alt=\"\" class=\"wp-image-535\" srcset=\"https:\/\/phare-richard.fr\/wp-content\/uploads\/2024\/06\/DJI_0144-2-1024x791.jpg 1024w, https:\/\/phare-richard.fr\/wp-content\/uploads\/2024\/06\/DJI_0144-2-300x232.jpg 300w, https:\/\/phare-richard.fr\/wp-content\/uploads\/2024\/06\/DJI_0144-2-768x593.jpg 768w, https:\/\/phare-richard.fr\/wp-content\/uploads\/2024\/06\/DJI_0144-2-1536x1187.jpg 1536w, https:\/\/phare-richard.fr\/wp-content\/uploads\/2024\/06\/DJI_0144-2-2048x1583.jpg 2048w, https:\/\/phare-richard.fr\/wp-content\/uploads\/2024\/06\/DJI_0144-2-1200x927.jpg 1200w\" sizes=\"auto, (max-width: 709px) 85vw, (max-width: 909px) 67vw, (max-width: 1362px) 62vw, 840px\" \/><figcaption class=\"wp-element-caption\">Le site du phare : entre estuaire et mattes.<\/figcaption><\/figure>\n<\/div>","protected":false},"excerpt":{"rendered":"<p>Le site du Phare de Richard est un lieu unique dans le paysage m\u00e9docain. Issu du domaine maritime, il fait partie int\u00e9grante du patrimoine de la r\u00e9gion.<\/p>\n","protected":false},"author":4,"featured_media":0,"parent":0,"menu_order":0,"comment_status":"closed","ping_status":"closed","template":"","meta":{"footnotes":""},"class_list":["post-22","page","type-page","status-publish","hentry"],"_links":{"self":[{"href":"https:\/\/phare-richard.fr\/index.php\/wp-json\/wp\/v2\/pages\/22","targetHints":{"allow":["GET"]}}],"collection":[{"href":"https:\/\/phare-richard.fr\/index.php\/wp-json\/wp\/v2\/pages"}],"about":[{"href":"https:\/\/phare-richard.fr\/index.php\/wp-json\/wp\/v2\/types\/page"}],"author":[{"embeddable":true,"href":"https:\/\/phare-richard.fr\/index.php\/wp-json\/wp\/v2\/users\/4"}],"replies":[{"embeddable":true,"href":"https:\/\/phare-richard.fr\/index.php\/wp-json\/wp\/v2\/comments?post=22"}],"version-history":[{"count":9,"href":"https:\/\/phare-richard.fr\/index.php\/wp-json\/wp\/v2\/pages\/22\/revisions"}],"predecessor-version":[{"id":602,"href":"https:\/\/phare-richard.fr\/index.php\/wp-json\/wp\/v2\/pages\/22\/revisions\/602"}],"wp:attachment":[{"href":"https:\/\/phare-richard.fr\/index.php\/wp-json\/wp\/v2\/media?parent=22"}],"curies":[{"name":"wp","href":"https:\/\/api.w.org\/{rel}","templated":true}]}}