{"id":151,"date":"2024-04-01T16:14:02","date_gmt":"2024-04-01T14:14:02","guid":{"rendered":"https:\/\/phare-richard.fr\/?page_id=151"},"modified":"2024-05-19T16:06:53","modified_gmt":"2024-05-19T14:06:53","slug":"randonnees-et-balades-sur-la-digue","status":"publish","type":"page","link":"https:\/\/phare-richard.fr\/index.php\/randonnees-et-balades-sur-la-digue\/","title":{"rendered":"Randonn\u00e9es et balades sur la digue"},"content":{"rendered":"\n<p>Partez \u00e0 la d\u00e9couverte de la commune de<strong> Jau-Dignac et Loirac<\/strong>, ancienne \u00eele de l&rsquo;Estuaire de la Gironde avec les 3 sentiers de petite randonn\u00e9e : <\/p>\n\n\n\n<ul class=\"wp-block-list\">\n<li><strong>La boucle du Phare de Richard<\/strong> : randonn\u00e9e de d\u00e9couverte de la nature par les digues avec vue sur l&rsquo;estuaire de la Gironde, les marais, les chenaux et le Port de Richard ;<\/li>\n\n\n\n<li><strong>Le circuit de la Chapelle<\/strong> : randonn\u00e9e de d\u00e9couverte du patrimoine par le site arch\u00e9ologie de la Chapelle et le Port de Goul\u00e9e ;<\/li>\n\n\n\n<li><strong>La boucle des trois Paroisses<\/strong> : randonn\u00e9e de d\u00e9couverte historique de la commune par les trois anciennes et typiques paroisses de Jau, Dignac et Loirac.<\/li>\n<\/ul>\n\n\n<div class=\"wp-block-image\">\n<figure class=\"aligncenter size-large is-resized\"><img loading=\"lazy\" decoding=\"async\" width=\"1024\" height=\"768\" src=\"https:\/\/phare-richard.fr\/wp-content\/uploads\/2024\/04\/Parcours_pedestres_autour_du_Phare_de_Richard-1024x768.jpg\" alt=\"\" class=\"wp-image-211\" style=\"width:541px;height:auto\" srcset=\"https:\/\/phare-richard.fr\/wp-content\/uploads\/2024\/04\/Parcours_pedestres_autour_du_Phare_de_Richard-1024x768.jpg 1024w, https:\/\/phare-richard.fr\/wp-content\/uploads\/2024\/04\/Parcours_pedestres_autour_du_Phare_de_Richard-300x225.jpg 300w, https:\/\/phare-richard.fr\/wp-content\/uploads\/2024\/04\/Parcours_pedestres_autour_du_Phare_de_Richard-768x576.jpg 768w, https:\/\/phare-richard.fr\/wp-content\/uploads\/2024\/04\/Parcours_pedestres_autour_du_Phare_de_Richard-1536x1152.jpg 1536w, https:\/\/phare-richard.fr\/wp-content\/uploads\/2024\/04\/Parcours_pedestres_autour_du_Phare_de_Richard-2048x1536.jpg 2048w, https:\/\/phare-richard.fr\/wp-content\/uploads\/2024\/04\/Parcours_pedestres_autour_du_Phare_de_Richard-1200x900.jpg 1200w\" sizes=\"auto, (max-width: 709px) 85vw, (max-width: 909px) 67vw, (max-width: 1362px) 62vw, 840px\" \/><figcaption class=\"wp-element-caption\"><a href=\"https:\/\/phare-richard.fr\/wp-content\/uploads\/2024\/04\/Parcours_pedestres_autour_du_Phare_de_Richard-scaled.jpg\" data-type=\"link\" data-id=\"https:\/\/phare-richard.fr\/wp-content\/uploads\/2024\/04\/Parcours_pedestres_autour_du_Phare_de_Richard-scaled.jpg\" target=\"_blank\" rel=\"noreferrer noopener\">Parcours p\u00e9destres \u00e0 Jau-Dignac et Loirac.<\/a><\/figcaption><\/figure>\n<\/div>\n\n\n<p>Retrouver de nombreuses informations dans le livret des plus belles balades du patrimoine de <strong>Gironde Tourisme<\/strong> (<a href=\"https:\/\/www.calameo.com\/gironde-tourisme\/read\/0002587135dafca0f5747\" data-type=\"link\" data-id=\"https:\/\/www.calameo.com\/gironde-tourisme\/read\/0002587135dafca0f5747\" target=\"_blank\" rel=\"noreferrer noopener\">lien vers le livret<\/a>). <\/p>\n\n\n\n<p class=\"has-text-align-left\">\u00c0 savoir \u00e9galement que<strong> le Chemin d\u2019Amadour <\/strong>passe aussi par le Phare de Richard. Ce chemin propose de parcourir 500 km en 21 \u00e9tapes (11 \u00e0 32 km par jour). Si vous ne pouvez le faire d\u2019une seule traite, sachez que huit gares jalonnent le trac\u00e9 \u2013 sans parler des bus r\u00e9gionaux. L\u2019ensemble de l\u2019itin\u00e9raire est balis\u00e9. Il emprunte des chemins balis\u00e9s, des voies vertes ou des routes peu fr\u00e9quent\u00e9es. Cet itin\u00e9raire s\u2019inspire du chemin parcouru au I<sup>er<\/sup> si\u00e8cle de notre \u00e8re par Amadour, venu de Palestine avec son \u00e9pouse V\u00e9ronique. <\/p>\n\n\n\n<p class=\"has-text-align-left\">L\u00e9gendes, contes, sites patrimoniaux d\u2019exception et paysages magnifiques vous attendent!<\/p>\n\n\n\n<figure class=\"wp-block-image size-full\"><img loading=\"lazy\" decoding=\"async\" width=\"700\" height=\"300\" src=\"https:\/\/phare-richard.fr\/wp-content\/uploads\/2024\/04\/Carte_Chemin_Amadour.jpg\" alt=\"\" class=\"wp-image-213\" srcset=\"https:\/\/phare-richard.fr\/wp-content\/uploads\/2024\/04\/Carte_Chemin_Amadour.jpg 700w, https:\/\/phare-richard.fr\/wp-content\/uploads\/2024\/04\/Carte_Chemin_Amadour-300x129.jpg 300w\" sizes=\"auto, (max-width: 700px) 85vw, 700px\" \/><figcaption class=\"wp-element-caption\">Carte de l&rsquo;itin\u00e9raire indiquant les points d&rsquo;int\u00e9r\u00eats et les gares. (C) Chemin d&rsquo;Amadour.<\/figcaption><\/figure>\n","protected":false},"excerpt":{"rendered":"<p>Partez \u00e0 la d\u00e9couverte de la commune de Jau-Dignac et Loirac, ancienne \u00eele de l&rsquo;Estuaire de la Gironde avec les 3 sentiers de petite randonn\u00e9e : Retrouver de nombreuses informations dans le livret des plus belles balades du patrimoine de Gironde Tourisme (lien vers le livret). \u00c0 savoir \u00e9galement que le Chemin d\u2019Amadour passe aussi &hellip; <a href=\"https:\/\/phare-richard.fr\/index.php\/randonnees-et-balades-sur-la-digue\/\" class=\"more-link\">Continuer la lecture<span class=\"screen-reader-text\"> de &laquo;&nbsp;Randonn\u00e9es et balades sur la digue&nbsp;&raquo;<\/span><\/a><\/p>\n","protected":false},"author":4,"featured_media":0,"parent":0,"menu_order":0,"comment_status":"closed","ping_status":"closed","template":"","meta":{"footnotes":""},"class_list":["post-151","page","type-page","status-publish","hentry"],"_links":{"self":[{"href":"https:\/\/phare-richard.fr\/index.php\/wp-json\/wp\/v2\/pages\/151","targetHints":{"allow":["GET"]}}],"collection":[{"href":"https:\/\/phare-richard.fr\/index.php\/wp-json\/wp\/v2\/pages"}],"about":[{"href":"https:\/\/phare-richard.fr\/index.php\/wp-json\/wp\/v2\/types\/page"}],"author":[{"embeddable":true,"href":"https:\/\/phare-richard.fr\/index.php\/wp-json\/wp\/v2\/users\/4"}],"replies":[{"embeddable":true,"href":"https:\/\/phare-richard.fr\/index.php\/wp-json\/wp\/v2\/comments?post=151"}],"version-history":[{"count":9,"href":"https:\/\/phare-richard.fr\/index.php\/wp-json\/wp\/v2\/pages\/151\/revisions"}],"predecessor-version":[{"id":483,"href":"https:\/\/phare-richard.fr\/index.php\/wp-json\/wp\/v2\/pages\/151\/revisions\/483"}],"wp:attachment":[{"href":"https:\/\/phare-richard.fr\/index.php\/wp-json\/wp\/v2\/media?parent=151"}],"curies":[{"name":"wp","href":"https:\/\/api.w.org\/{rel}","templated":true}]}}